{"id":1833,"date":"2024-02-28T19:14:28","date_gmt":"2024-02-28T19:14:28","guid":{"rendered":"https:\/\/re-surf.com\/mentions-legales\/"},"modified":"2024-03-27T10:37:01","modified_gmt":"2024-03-27T10:37:01","slug":"legal-notice","status":"publish","type":"page","link":"https:\/\/re-surf.com\/en\/legal-notice\/","title":{"rendered":"Legal notice"},"content":{"rendered":"<section  class='av_textblock_section av-2t6uux-029f084152d67a7ce84e1635826f29cc '   itemscope=\"itemscope\" itemtype=\"https:\/\/schema.org\/CreativeWork\" ><div class='avia_textblock'  itemprop=\"text\" ><p><strong>1. Presentation of the site.<\/strong><br \/>\nUnder Article 6 of Law No. 2004-575 of June 21, 2004 for confidence in the digital economy, users of the site www.re-surf.com are informed of the identity of the various participants in the framework for its implementation and monitoring:<\/p>\n<p>Owner: R\u00e9 Surf \u2013 SARL 53270089500016 \u2013 49 bis rue du 14 Juillet 17740 Sainte Marie de R\u00e9<\/p>\n<p>Publication manager: R\u00e9my Cormier \u2013 remycormier@gmail.com<\/p>\n<p>The publication manager is a natural person or a legal entity.<\/p>\n<p>Webmaster: <a href=\"https:\/\/www.atelierguias.com\/\" target=\"_blank\" rel=\"noopener\">Atelier Guias<\/a><\/p>\n<p>Host: 1and1 \u2013 7, place de la Gare BP 70109 57201 Sarreguemines Cedex<\/p>\n<p>Credits: the legal notices were generated and offered by Subdelirium website creation Bordeaux<\/p>\n<p><strong>2. General conditions of use of the site and the services offered.<\/strong><br \/>\nUse of the site www.re-surf.com implies full acceptance of the general conditions of use described below. These conditions of use may be modified or supplemented at any time, users of the site www.re-surf.com are therefore invited to consult them regularly.<\/p>\n<p>This site is normally accessible to users at any time. An interruption for reasons of technical maintenance may however be decided by R\u00e9 Surf, which will then endeavor to communicate to users in advance the dates and times of the intervention.<\/p>\n<p>The site www.re-surf.com is updated regularly by Johan Laulanet. In the same way, the legal notices can be modified at any time: they are nevertheless binding on the user who is invited to refer to them as often as possible in order to read them.<\/p>\n<p><strong>3. Description of services provided.<\/strong><br \/>\nThe purpose of the site www.re-surf.com is to provide information concerning all of the company&#8217;s activities.<\/p>\n<p>R\u00e9 Surf strives to provide information as accurate as possible on the site www.re-surf.com. However, it cannot be held responsible for omissions, inaccuracies and deficiencies in the update, whether due to itself or to third party partners who provide this information.<\/p>\n<p>All information indicated on the site www.re-surf.com is given for information purposes only, and is subject to change. Furthermore, the information on the site www.re-surf.com is not exhaustive. They are given subject to modifications having been made since they were put online.<\/p>\n<p><strong>4. Contractual limitations on technical data.<\/strong><br \/>\nThe site uses JavaScript technology.<\/p>\n<p>The website cannot be held responsible for material damage linked to the use of the site. In addition, the user of the site undertakes to access the site using recent equipment, not containing viruses and with an updated latest generation browser.<\/p>\n<p><strong>5. Intellectual Property and Counterfeiting.<\/strong><br \/>\nR\u00e9 Surf owns the intellectual property rights or holds the usage rights on all elements accessible on the site, in particular texts, images, graphics, logos, icons, sounds, software.<\/p>\n<p>Any reproduction, representation, modification, publication, adaptation of all or part of the elements of the site, whatever the means or process used, is prohibited without prior written permission from: R\u00e9 Surf.<\/p>\n<p>Any unauthorized use of the site or any of the elements it contains will be considered as constituting an infringement and prosecuted in accordance with the provisions of articles L.335-2 et seq. of the Intellectual Property Code.<\/p>\n<p><strong>6. Limitations of Liability.<\/strong><br \/>\nR\u00e9 Surf cannot be held responsible for direct or indirect damage caused to the user&#8217;s equipment when accessing the site www.re-surf.com, and resulting either from the use of equipment that does not meet the specifications indicated in point 4, or the appearance of a bug or incompatibility.<\/p>\n<p>R\u00e9 Surf cannot also be held responsible for indirect damage (such as loss of market or loss of opportunity) resulting from the use of the site www.re-surf.com.<\/p>\n<p>Interactive spaces (possibility of asking questions in the contact area) are available to users. R\u00e9 Surf reserves the right to delete, without prior notice, any content posted in this space which contravenes the legislation applicable in France, in particular the provisions relating to data protection. Where applicable, R\u00e9 Surf also reserves the right to call into question the user&#8217;s civil and\/or criminal liability, particularly in the event of messages of a racist, offensive, defamatory or pornographic nature, regardless of the medium used ( text, photography, etc.).<\/p>\n<p><strong>7. Management of personal data.<\/strong><br \/>\nIn France, personal data is protected in particular by law no. 78-87 of January 6, 1978, law no. 2004-801 of August 6, 2004, article L. 226-13 of the Code<\/p>\n<\/div><\/section>\n","protected":false},"excerpt":{"rendered":"","protected":false},"author":1,"featured_media":0,"parent":0,"menu_order":0,"comment_status":"closed","ping_status":"closed","template":"","meta":{"footnotes":""},"class_list":["post-1833","page","type-page","status-publish","hentry"],"yoast_head":"<!-- This site is optimized with the Yoast SEO Premium plugin v23.9 (Yoast SEO v24.7) - https:\/\/yoast.com\/wordpress\/plugins\/seo\/ -->\n<title>Legal notice | R\u00c9 SURF<\/title>\n<meta name=\"robots\" content=\"index, follow, max-snippet:-1, max-image-preview:large, max-video-preview:-1\" \/>\n<link rel=\"canonical\" href=\"https:\/\/re-surf.com\/en\/legal-notice\/\" \/>\n<meta property=\"og:locale\" content=\"en_US\" \/>\n<meta property=\"og:type\" content=\"article\" \/>\n<meta property=\"og:title\" content=\"Legal notice\" \/>\n<meta property=\"og:url\" content=\"https:\/\/re-surf.com\/en\/legal-notice\/\" \/>\n<meta property=\"og:site_name\" content=\"R\u00c9 SURF\" \/>\n<meta property=\"article:publisher\" content=\"https:\/\/www.facebook.com\/people\/R-Surf\/100064587886656\/\" \/>\n<meta property=\"article:modified_time\" content=\"2024-03-27T10:37:01+00:00\" \/>\n<meta property=\"og:image\" content=\"https:\/\/re-surf.com\/wp-content\/uploads\/2024\/02\/remy-re-surf.jpg\" \/>\n\t<meta property=\"og:image:width\" content=\"1349\" \/>\n\t<meta property=\"og:image:height\" content=\"1891\" \/>\n\t<meta property=\"og:image:type\" content=\"image\/jpeg\" \/>\n<meta name=\"twitter:card\" content=\"summary_large_image\" \/>\n<meta name=\"twitter:label1\" content=\"Est. reading time\" \/>\n\t<meta name=\"twitter:data1\" content=\"4 minutes\" \/>\n<script type=\"application\/ld+json\" class=\"yoast-schema-graph\">{\"@context\":\"https:\/\/schema.org\",\"@graph\":[{\"@type\":\"WebPage\",\"@id\":\"https:\/\/re-surf.com\/en\/legal-notice\/\",\"url\":\"https:\/\/re-surf.com\/en\/legal-notice\/\",\"name\":\"Legal notice | R\u00c9 SURF\",\"isPartOf\":{\"@id\":\"https:\/\/re-surf.com\/#website\"},\"datePublished\":\"2024-02-28T19:14:28+00:00\",\"dateModified\":\"2024-03-27T10:37:01+00:00\",\"breadcrumb\":{\"@id\":\"https:\/\/re-surf.com\/en\/legal-notice\/#breadcrumb\"},\"inLanguage\":\"en-US\",\"potentialAction\":[{\"@type\":\"ReadAction\",\"target\":[\"https:\/\/re-surf.com\/en\/legal-notice\/\"]}]},{\"@type\":\"BreadcrumbList\",\"@id\":\"https:\/\/re-surf.com\/en\/legal-notice\/#breadcrumb\",\"itemListElement\":[{\"@type\":\"ListItem\",\"position\":1,\"name\":\"Accueil\",\"item\":\"https:\/\/re-surf.com\/accueil\/\"},{\"@type\":\"ListItem\",\"position\":2,\"name\":\"Legal notice\"}]},{\"@type\":\"WebSite\",\"@id\":\"https:\/\/re-surf.com\/#website\",\"url\":\"https:\/\/re-surf.com\/\",\"name\":\"R\u00c9 SURF\",\"description\":\"Ecole de surf de l&#039;\u00cele de R\u00e9 | R\u00e9 Surf | Le Bois-Plage et Les Portes en R\u00e9\",\"publisher\":{\"@id\":\"https:\/\/re-surf.com\/#organization\"},\"alternateName\":\"Ecole de surf de l'ile de R\u00e9\",\"potentialAction\":[{\"@type\":\"SearchAction\",\"target\":{\"@type\":\"EntryPoint\",\"urlTemplate\":\"https:\/\/re-surf.com\/?s={search_term_string}\"},\"query-input\":{\"@type\":\"PropertyValueSpecification\",\"valueRequired\":true,\"valueName\":\"search_term_string\"}}],\"inLanguage\":\"en-US\"},{\"@type\":\"Organization\",\"@id\":\"https:\/\/re-surf.com\/#organization\",\"name\":\"R\u00c9 SURF\",\"url\":\"https:\/\/re-surf.com\/\",\"logo\":{\"@type\":\"ImageObject\",\"inLanguage\":\"en-US\",\"@id\":\"https:\/\/re-surf.com\/#\/schema\/logo\/image\/\",\"url\":\"https:\/\/re-surf.com\/wp-content\/uploads\/2024\/03\/logo-re-surf-ecole-de-surf-sur-ile-de-re.png\",\"contentUrl\":\"https:\/\/re-surf.com\/wp-content\/uploads\/2024\/03\/logo-re-surf-ecole-de-surf-sur-ile-de-re.png\",\"width\":500,\"height\":500,\"caption\":\"R\u00c9 SURF\"},\"image\":{\"@id\":\"https:\/\/re-surf.com\/#\/schema\/logo\/image\/\"},\"sameAs\":[\"https:\/\/www.facebook.com\/people\/R-Surf\/100064587886656\/\",\"https:\/\/www.instagram.com\/resurf_ecole\/\"],\"description\":\"\\\"En stage ou en en cours particuliers, d\u00e9butant ou avanc\u00e9s, de 7 \u00e0 77 ans, nous vous accueillons avec le sourire\\\"\",\"email\":\"contact@re-surf.com\",\"telephone\":\"06 30 08 12 81\",\"legalName\":\"R\u00e9my Cormier\",\"foundingDate\":\"2003-03-17\"}]}<\/script>\n<!-- \/ Yoast SEO Premium plugin. -->","yoast_head_json":{"title":"Legal notice | R\u00c9 SURF","robots":{"index":"index","follow":"follow","max-snippet":"max-snippet:-1","max-image-preview":"max-image-preview:large","max-video-preview":"max-video-preview:-1"},"canonical":"https:\/\/re-surf.com\/en\/legal-notice\/","og_locale":"en_US","og_type":"article","og_title":"Legal notice","og_url":"https:\/\/re-surf.com\/en\/legal-notice\/","og_site_name":"R\u00c9 SURF","article_publisher":"https:\/\/www.facebook.com\/people\/R-Surf\/100064587886656\/","article_modified_time":"2024-03-27T10:37:01+00:00","og_image":[{"width":1349,"height":1891,"url":"https:\/\/re-surf.com\/wp-content\/uploads\/2024\/02\/remy-re-surf.jpg","type":"image\/jpeg"}],"twitter_card":"summary_large_image","twitter_misc":{"Est. reading time":"4 minutes"},"schema":{"@context":"https:\/\/schema.org","@graph":[{"@type":"WebPage","@id":"https:\/\/re-surf.com\/en\/legal-notice\/","url":"https:\/\/re-surf.com\/en\/legal-notice\/","name":"Legal notice | R\u00c9 SURF","isPartOf":{"@id":"https:\/\/re-surf.com\/#website"},"datePublished":"2024-02-28T19:14:28+00:00","dateModified":"2024-03-27T10:37:01+00:00","breadcrumb":{"@id":"https:\/\/re-surf.com\/en\/legal-notice\/#breadcrumb"},"inLanguage":"en-US","potentialAction":[{"@type":"ReadAction","target":["https:\/\/re-surf.com\/en\/legal-notice\/"]}]},{"@type":"BreadcrumbList","@id":"https:\/\/re-surf.com\/en\/legal-notice\/#breadcrumb","itemListElement":[{"@type":"ListItem","position":1,"name":"Accueil","item":"https:\/\/re-surf.com\/accueil\/"},{"@type":"ListItem","position":2,"name":"Legal notice"}]},{"@type":"WebSite","@id":"https:\/\/re-surf.com\/#website","url":"https:\/\/re-surf.com\/","name":"R\u00c9 SURF","description":"Ecole de surf de l&#039;\u00cele de R\u00e9 | R\u00e9 Surf | Le Bois-Plage et Les Portes en R\u00e9","publisher":{"@id":"https:\/\/re-surf.com\/#organization"},"alternateName":"Ecole de surf de l'ile de R\u00e9","potentialAction":[{"@type":"SearchAction","target":{"@type":"EntryPoint","urlTemplate":"https:\/\/re-surf.com\/?s={search_term_string}"},"query-input":{"@type":"PropertyValueSpecification","valueRequired":true,"valueName":"search_term_string"}}],"inLanguage":"en-US"},{"@type":"Organization","@id":"https:\/\/re-surf.com\/#organization","name":"R\u00c9 SURF","url":"https:\/\/re-surf.com\/","logo":{"@type":"ImageObject","inLanguage":"en-US","@id":"https:\/\/re-surf.com\/#\/schema\/logo\/image\/","url":"https:\/\/re-surf.com\/wp-content\/uploads\/2024\/03\/logo-re-surf-ecole-de-surf-sur-ile-de-re.png","contentUrl":"https:\/\/re-surf.com\/wp-content\/uploads\/2024\/03\/logo-re-surf-ecole-de-surf-sur-ile-de-re.png","width":500,"height":500,"caption":"R\u00c9 SURF"},"image":{"@id":"https:\/\/re-surf.com\/#\/schema\/logo\/image\/"},"sameAs":["https:\/\/www.facebook.com\/people\/R-Surf\/100064587886656\/","https:\/\/www.instagram.com\/resurf_ecole\/"],"description":"\"En stage ou en en cours particuliers, d\u00e9butant ou avanc\u00e9s, de 7 \u00e0 77 ans, nous vous accueillons avec le sourire\"","email":"contact@re-surf.com","telephone":"06 30 08 12 81","legalName":"R\u00e9my Cormier","foundingDate":"2003-03-17"}]}},"_links":{"self":[{"href":"https:\/\/re-surf.com\/en\/wp-json\/wp\/v2\/pages\/1833","targetHints":{"allow":["GET"]}}],"collection":[{"href":"https:\/\/re-surf.com\/en\/wp-json\/wp\/v2\/pages"}],"about":[{"href":"https:\/\/re-surf.com\/en\/wp-json\/wp\/v2\/types\/page"}],"author":[{"embeddable":true,"href":"https:\/\/re-surf.com\/en\/wp-json\/wp\/v2\/users\/1"}],"replies":[{"embeddable":true,"href":"https:\/\/re-surf.com\/en\/wp-json\/wp\/v2\/comments?post=1833"}],"version-history":[{"count":6,"href":"https:\/\/re-surf.com\/en\/wp-json\/wp\/v2\/pages\/1833\/revisions"}],"predecessor-version":[{"id":1840,"href":"https:\/\/re-surf.com\/en\/wp-json\/wp\/v2\/pages\/1833\/revisions\/1840"}],"wp:attachment":[{"href":"https:\/\/re-surf.com\/en\/wp-json\/wp\/v2\/media?parent=1833"}],"curies":[{"name":"wp","href":"https:\/\/api.w.org\/{rel}","templated":true}]}}