{"id":1844,"date":"2024-02-28T19:15:54","date_gmt":"2024-02-28T19:15:54","guid":{"rendered":"https:\/\/re-surf.com\/politique-de-confidentialite\/"},"modified":"2024-03-27T10:41:52","modified_gmt":"2024-03-27T10:41:52","slug":"privacy-policy","status":"publish","type":"page","link":"https:\/\/re-surf.com\/en\/privacy-policy\/","title":{"rendered":"Privacy Policy"},"content":{"rendered":"<div  class='flex_column av-5wb77f-6f9ab61cfcf111b202121ebe72f34fc2 av_one_full  avia-builder-el-0  avia-builder-el-no-sibling  first flex_column_div  '     ><p>\n<style type=\"text\/css\" data-created_by=\"avia_inline_auto\" id=\"style-css-av-lt66foop-d4e6a53eebdefb96adb985ddabe8b9aa\">\n#top .av-special-heading.av-lt66foop-d4e6a53eebdefb96adb985ddabe8b9aa{\npadding-bottom:10px;\n}\nbody .av-special-heading.av-lt66foop-d4e6a53eebdefb96adb985ddabe8b9aa .av-special-heading-tag .heading-char{\nfont-size:25px;\n}\n.av-special-heading.av-lt66foop-d4e6a53eebdefb96adb985ddabe8b9aa .av-subheading{\nfont-size:15px;\n}\n<\/style>\n<div  class='av-special-heading av-lt66foop-d4e6a53eebdefb96adb985ddabe8b9aa av-special-heading-h3  avia-builder-el-1  el_before_av_textblock  avia-builder-el-first '><h3 class='av-special-heading-tag '  itemprop=\"headline\"  >Privacy Policy<\/h3><div class=\"special-heading-border\"><div class=\"special-heading-inner-border\"><\/div><\/div><\/div><br \/>\n<section  class='av_textblock_section av-a4tln-d6f136e7a6b6b2d550370c898094d67f '   itemscope=\"itemscope\" itemtype=\"https:\/\/schema.org\/CreativeWork\" ><div class='avia_textblock'  itemprop=\"text\" ><p>This Charter informs you about the nature of the personal information collected about you, the manner and purpose of its use, as well as the recipients of this information.<\/p>\n<p>This Charter applies to personal information concerning our customers and future customers (interested in a service\/product)<\/p>\n<p>This Charter may be modified, supplemented or updated in order to comply with any legal, regulatory, jurisprudential and technical developments. However, your personal data will always be processed in accordance with the policy in force at the time of their collection, unless a mandatory legal requirement provides otherwise and would apply retroactively.<\/p>\n<p><strong>THE CONTROLLER<\/strong><\/p>\n<p>The person responsible for any processing mentioned in this Charter is R\u00e9 Surf \u201349 bis rue du 14 Juillet 17740 Sainte Marie de R\u00e9.<\/p>\n<p><strong>THE DATA COLLECTION<\/strong><\/p>\n<p>The data concerning you is collected directly from you or from our partners, after obtaining your consent when necessary, in the following cases:<\/p>\n<p>When you visit the establishment\u2019s website:<br \/>\nIf you accept cookies<br \/>\nIf you make an appointment<br \/>\nIf you request to receive the newsletter<br \/>\nIf you place an order (service\/product) online<br \/>\nIf you submit a review about a service<\/p>\n<p><strong>THE NATURE OF THE DATA COLLECTED<\/strong><\/p>\n<p>The personal data collected may be as follows:<\/p>\n<p>Contact details and marital status\u00a0(examples: name, first name, title, postal address, landline and\/or mobile telephone number, email address, date of birth).<br \/>\nInformation relating to the ordering of a service (examples: terms of receipt of a product, date and time of appointment for a service, information linked to a possible loyalty account, etc.)<br \/>\nInformation relating to payment (examples: payment method used, financing terms, etc.)<br \/>\nInformation related to customer relationship monitoring (examples: satisfaction survey, retention of complaints, etc.).<br \/>\nInformation related to commercial communication (e.g.: choice to receive commercial offers)<\/p>\n<p><strong>PURPOSES AND FOUNDATIONS OF PROCESSING.<\/strong><\/p>\n<p>The establishment will only collect your personal data for a specific purpose, and according to a specific basis (execution of a contract, your consent or legitimate interest of the establishment).<\/p>\n<p>Depending on the service, the purposes and foundations are as follows:<\/p>\n<p>Provision of products and services<\/p>\n<p>Data collected: identity, contact details.<\/p>\n<p>Purposes: customer support, appointment making, performance of the service, invoicing and payment.<\/p>\n<p>Basis: contractual performance.<\/p>\n<p>Customer service and commercial relations.<\/p>\n<p>Data collected: identity, contact details, reviews and complaints.<\/p>\n<p>Purposes: responding to inquiries and complaints.<\/p>\n<p>Basis: legitimate interest of the establishment and legal obligation (obligations linked to the consumer&#8217;s right of withdrawal).<\/p>\n<p>Promotions and communications.<\/p>\n<p>Data collected: preferences relating to the products and services offered, preferences concerning the media used to receive the communication, information on your lifestyle habits.<\/p>\n<p>Purposes: informing the customer about news, new products, commercial offers.<\/p>\n<p>Basis: legitimate interest of the establishment.<\/p>\n<p>Statistical studies<\/p>\n<p>Data collected: identity, data relating to the commercial relationship and in particular the use of products and services, information on your lifestyle habits.<\/p>\n<p>Purposes: development of statistics, communication of personalized offers.<\/p>\n<p>Basis: legitimate interest of the establishment.<\/p>\n<p>Compliance with legal and regulatory obligations<\/p>\n<p>Data: data from your transactions, payments, order history and order information<\/p>\n<p>Purposes: fight against payment fraud.<\/p>\n<p>Basis: legal obligations to cooperate with agencies fighting different types of fraud.<\/p>\n<p><strong>DATA RECIPIENTS<\/strong><\/p>\n<p>The establishment may share your data with authorized organizations.<\/p>\n<p>Thus, the establishment may use subcontractors (any company required to process personal data following the establishment&#8217;s instructions) for the processing of your personal data within the limits necessary for the performance of their services (example : host a site, manage the sending of promotional offers).<\/p>\n<p>The establishment ensures, by contract with the subcontractor, that the latter respects the confidentiality and security of the personal data they receive.<\/p>\n<p>Except in the cases stated above, the establishment undertakes not to sell, rent or transfer your personal data to third parties without your consent.<\/p>\n<p><strong>DATA RETENTION DURATION<\/strong><\/p>\n<p>Your data will be kept secure by the establishment<\/p>\n<\/div><\/section><\/p><\/div>\n","protected":false},"excerpt":{"rendered":"","protected":false},"author":1,"featured_media":0,"parent":0,"menu_order":0,"comment_status":"closed","ping_status":"closed","template":"","meta":{"footnotes":""},"class_list":["post-1844","page","type-page","status-publish","hentry"],"yoast_head":"<!-- This site is optimized with the Yoast SEO Premium plugin v23.9 (Yoast SEO v24.7) - https:\/\/yoast.com\/wordpress\/plugins\/seo\/ -->\n<title>Privacy Policy | R\u00c9 SURF<\/title>\n<meta name=\"robots\" content=\"index, follow, max-snippet:-1, max-image-preview:large, max-video-preview:-1\" \/>\n<link rel=\"canonical\" href=\"https:\/\/re-surf.com\/en\/privacy-policy\/\" \/>\n<meta property=\"og:locale\" content=\"en_US\" \/>\n<meta property=\"og:type\" content=\"article\" \/>\n<meta property=\"og:title\" content=\"Privacy Policy\" \/>\n<meta property=\"og:url\" content=\"https:\/\/re-surf.com\/en\/privacy-policy\/\" \/>\n<meta property=\"og:site_name\" content=\"R\u00c9 SURF\" \/>\n<meta property=\"article:publisher\" content=\"https:\/\/www.facebook.com\/people\/R-Surf\/100064587886656\/\" \/>\n<meta property=\"article:modified_time\" content=\"2024-03-27T10:41:52+00:00\" \/>\n<meta property=\"og:image\" content=\"https:\/\/re-surf.com\/wp-content\/uploads\/2024\/02\/remy-re-surf.jpg\" \/>\n\t<meta property=\"og:image:width\" content=\"1349\" \/>\n\t<meta property=\"og:image:height\" content=\"1891\" \/>\n\t<meta property=\"og:image:type\" content=\"image\/jpeg\" \/>\n<meta name=\"twitter:card\" content=\"summary_large_image\" \/>\n<meta name=\"twitter:label1\" content=\"Est. reading time\" \/>\n\t<meta name=\"twitter:data1\" content=\"5 minutes\" \/>\n<script type=\"application\/ld+json\" class=\"yoast-schema-graph\">{\"@context\":\"https:\/\/schema.org\",\"@graph\":[{\"@type\":\"WebPage\",\"@id\":\"https:\/\/re-surf.com\/en\/privacy-policy\/\",\"url\":\"https:\/\/re-surf.com\/en\/privacy-policy\/\",\"name\":\"Privacy Policy | R\u00c9 SURF\",\"isPartOf\":{\"@id\":\"https:\/\/re-surf.com\/#website\"},\"datePublished\":\"2024-02-28T19:15:54+00:00\",\"dateModified\":\"2024-03-27T10:41:52+00:00\",\"breadcrumb\":{\"@id\":\"https:\/\/re-surf.com\/en\/privacy-policy\/#breadcrumb\"},\"inLanguage\":\"en-US\",\"potentialAction\":[{\"@type\":\"ReadAction\",\"target\":[\"https:\/\/re-surf.com\/en\/privacy-policy\/\"]}]},{\"@type\":\"BreadcrumbList\",\"@id\":\"https:\/\/re-surf.com\/en\/privacy-policy\/#breadcrumb\",\"itemListElement\":[{\"@type\":\"ListItem\",\"position\":1,\"name\":\"Accueil\",\"item\":\"https:\/\/re-surf.com\/accueil\/\"},{\"@type\":\"ListItem\",\"position\":2,\"name\":\"Privacy Policy\"}]},{\"@type\":\"WebSite\",\"@id\":\"https:\/\/re-surf.com\/#website\",\"url\":\"https:\/\/re-surf.com\/\",\"name\":\"R\u00c9 SURF\",\"description\":\"Ecole de surf de l&#039;\u00cele de R\u00e9 | R\u00e9 Surf | Le Bois-Plage et Les Portes en R\u00e9\",\"publisher\":{\"@id\":\"https:\/\/re-surf.com\/#organization\"},\"alternateName\":\"Ecole de surf de l'ile de R\u00e9\",\"potentialAction\":[{\"@type\":\"SearchAction\",\"target\":{\"@type\":\"EntryPoint\",\"urlTemplate\":\"https:\/\/re-surf.com\/?s={search_term_string}\"},\"query-input\":{\"@type\":\"PropertyValueSpecification\",\"valueRequired\":true,\"valueName\":\"search_term_string\"}}],\"inLanguage\":\"en-US\"},{\"@type\":\"Organization\",\"@id\":\"https:\/\/re-surf.com\/#organization\",\"name\":\"R\u00c9 SURF\",\"url\":\"https:\/\/re-surf.com\/\",\"logo\":{\"@type\":\"ImageObject\",\"inLanguage\":\"en-US\",\"@id\":\"https:\/\/re-surf.com\/#\/schema\/logo\/image\/\",\"url\":\"https:\/\/re-surf.com\/wp-content\/uploads\/2024\/03\/logo-re-surf-ecole-de-surf-sur-ile-de-re.png\",\"contentUrl\":\"https:\/\/re-surf.com\/wp-content\/uploads\/2024\/03\/logo-re-surf-ecole-de-surf-sur-ile-de-re.png\",\"width\":500,\"height\":500,\"caption\":\"R\u00c9 SURF\"},\"image\":{\"@id\":\"https:\/\/re-surf.com\/#\/schema\/logo\/image\/\"},\"sameAs\":[\"https:\/\/www.facebook.com\/people\/R-Surf\/100064587886656\/\",\"https:\/\/www.instagram.com\/resurf_ecole\/\"],\"description\":\"\\\"En stage ou en en cours particuliers, d\u00e9butant ou avanc\u00e9s, de 7 \u00e0 77 ans, nous vous accueillons avec le sourire\\\"\",\"email\":\"contact@re-surf.com\",\"telephone\":\"06 30 08 12 81\",\"legalName\":\"R\u00e9my Cormier\",\"foundingDate\":\"2003-03-17\"}]}<\/script>\n<!-- \/ Yoast SEO Premium plugin. -->","yoast_head_json":{"title":"Privacy Policy | R\u00c9 SURF","robots":{"index":"index","follow":"follow","max-snippet":"max-snippet:-1","max-image-preview":"max-image-preview:large","max-video-preview":"max-video-preview:-1"},"canonical":"https:\/\/re-surf.com\/en\/privacy-policy\/","og_locale":"en_US","og_type":"article","og_title":"Privacy Policy","og_url":"https:\/\/re-surf.com\/en\/privacy-policy\/","og_site_name":"R\u00c9 SURF","article_publisher":"https:\/\/www.facebook.com\/people\/R-Surf\/100064587886656\/","article_modified_time":"2024-03-27T10:41:52+00:00","og_image":[{"width":1349,"height":1891,"url":"https:\/\/re-surf.com\/wp-content\/uploads\/2024\/02\/remy-re-surf.jpg","type":"image\/jpeg"}],"twitter_card":"summary_large_image","twitter_misc":{"Est. reading time":"5 minutes"},"schema":{"@context":"https:\/\/schema.org","@graph":[{"@type":"WebPage","@id":"https:\/\/re-surf.com\/en\/privacy-policy\/","url":"https:\/\/re-surf.com\/en\/privacy-policy\/","name":"Privacy Policy | R\u00c9 SURF","isPartOf":{"@id":"https:\/\/re-surf.com\/#website"},"datePublished":"2024-02-28T19:15:54+00:00","dateModified":"2024-03-27T10:41:52+00:00","breadcrumb":{"@id":"https:\/\/re-surf.com\/en\/privacy-policy\/#breadcrumb"},"inLanguage":"en-US","potentialAction":[{"@type":"ReadAction","target":["https:\/\/re-surf.com\/en\/privacy-policy\/"]}]},{"@type":"BreadcrumbList","@id":"https:\/\/re-surf.com\/en\/privacy-policy\/#breadcrumb","itemListElement":[{"@type":"ListItem","position":1,"name":"Accueil","item":"https:\/\/re-surf.com\/accueil\/"},{"@type":"ListItem","position":2,"name":"Privacy Policy"}]},{"@type":"WebSite","@id":"https:\/\/re-surf.com\/#website","url":"https:\/\/re-surf.com\/","name":"R\u00c9 SURF","description":"Ecole de surf de l&#039;\u00cele de R\u00e9 | R\u00e9 Surf | Le Bois-Plage et Les Portes en R\u00e9","publisher":{"@id":"https:\/\/re-surf.com\/#organization"},"alternateName":"Ecole de surf de l'ile de R\u00e9","potentialAction":[{"@type":"SearchAction","target":{"@type":"EntryPoint","urlTemplate":"https:\/\/re-surf.com\/?s={search_term_string}"},"query-input":{"@type":"PropertyValueSpecification","valueRequired":true,"valueName":"search_term_string"}}],"inLanguage":"en-US"},{"@type":"Organization","@id":"https:\/\/re-surf.com\/#organization","name":"R\u00c9 SURF","url":"https:\/\/re-surf.com\/","logo":{"@type":"ImageObject","inLanguage":"en-US","@id":"https:\/\/re-surf.com\/#\/schema\/logo\/image\/","url":"https:\/\/re-surf.com\/wp-content\/uploads\/2024\/03\/logo-re-surf-ecole-de-surf-sur-ile-de-re.png","contentUrl":"https:\/\/re-surf.com\/wp-content\/uploads\/2024\/03\/logo-re-surf-ecole-de-surf-sur-ile-de-re.png","width":500,"height":500,"caption":"R\u00c9 SURF"},"image":{"@id":"https:\/\/re-surf.com\/#\/schema\/logo\/image\/"},"sameAs":["https:\/\/www.facebook.com\/people\/R-Surf\/100064587886656\/","https:\/\/www.instagram.com\/resurf_ecole\/"],"description":"\"En stage ou en en cours particuliers, d\u00e9butant ou avanc\u00e9s, de 7 \u00e0 77 ans, nous vous accueillons avec le sourire\"","email":"contact@re-surf.com","telephone":"06 30 08 12 81","legalName":"R\u00e9my Cormier","foundingDate":"2003-03-17"}]}},"_links":{"self":[{"href":"https:\/\/re-surf.com\/en\/wp-json\/wp\/v2\/pages\/1844","targetHints":{"allow":["GET"]}}],"collection":[{"href":"https:\/\/re-surf.com\/en\/wp-json\/wp\/v2\/pages"}],"about":[{"href":"https:\/\/re-surf.com\/en\/wp-json\/wp\/v2\/types\/page"}],"author":[{"embeddable":true,"href":"https:\/\/re-surf.com\/en\/wp-json\/wp\/v2\/users\/1"}],"replies":[{"embeddable":true,"href":"https:\/\/re-surf.com\/en\/wp-json\/wp\/v2\/comments?post=1844"}],"version-history":[{"count":6,"href":"https:\/\/re-surf.com\/en\/wp-json\/wp\/v2\/pages\/1844\/revisions"}],"predecessor-version":[{"id":1850,"href":"https:\/\/re-surf.com\/en\/wp-json\/wp\/v2\/pages\/1844\/revisions\/1850"}],"wp:attachment":[{"href":"https:\/\/re-surf.com\/en\/wp-json\/wp\/v2\/media?parent=1844"}],"curies":[{"name":"wp","href":"https:\/\/api.w.org\/{rel}","templated":true}]}}