{"id":1858,"date":"2024-02-19T08:07:30","date_gmt":"2024-02-19T08:07:30","guid":{"rendered":"https:\/\/re-surf.com\/panier\/"},"modified":"2024-03-27T18:09:30","modified_gmt":"2024-03-27T18:09:30","slug":"cart","status":"publish","type":"page","link":"https:\/\/re-surf.com\/en\/cart\/","title":{"rendered":"Cart"},"content":{"rendered":"\n<div data-block-name=\"woocommerce\/cart\" class=\"wp-block-woocommerce-cart alignwide is-loading\">\n<div data-block-name=\"woocommerce\/filled-cart-block\" class=\"wp-block-woocommerce-filled-cart-block\">\n<div data-block-name=\"woocommerce\/cart-items-block\" class=\"wp-block-woocommerce-cart-items-block\">\n<div data-block-name=\"woocommerce\/cart-line-items-block\" class=\"wp-block-woocommerce-cart-line-items-block\"><\/div>\n\n\n\n<div data-block-name=\"woocommerce\/cart-cross-sells-block\" class=\"wp-block-woocommerce-cart-cross-sells-block\">\n<h2 class=\"wp-block-heading has-large-font-size\">\u00c7a peut vous int\u00e9resser&#8230;<\/h2>\n\n\n\n<div data-block-name=\"woocommerce\/cart-cross-sells-products-block\" class=\"wp-block-woocommerce-cart-cross-sells-products-block\"><\/div>\n<\/div>\n<\/div>\n\n\n\n<div data-block-name=\"woocommerce\/cart-totals-block\" class=\"wp-block-woocommerce-cart-totals-block\">\n<div data-block-name=\"woocommerce\/cart-order-summary-block\" class=\"wp-block-woocommerce-cart-order-summary-block\">\n<div data-block-name=\"woocommerce\/cart-order-summary-heading-block\" class=\"wp-block-woocommerce-cart-order-summary-heading-block\"><\/div><div data-block-name=\"woocommerce\/cart-order-summary-coupon-form-block\" class=\"wp-block-woocommerce-cart-order-summary-coupon-form-block\"><\/div><div data-block-name=\"woocommerce\/cart-order-summary-totals-block\" class=\"wp-block-woocommerce-cart-order-summary-totals-block\">\n<div data-block-name=\"woocommerce\/cart-order-summary-subtotal-block\" class=\"wp-block-woocommerce-cart-order-summary-subtotal-block\"><\/div>\n<div data-block-name=\"woocommerce\/cart-order-summary-discount-block\" class=\"wp-block-woocommerce-cart-order-summary-discount-block\"><\/div>\n<div data-block-name=\"woocommerce\/cart-order-summary-fee-block\" class=\"wp-block-woocommerce-cart-order-summary-fee-block\"><\/div>\n<div data-block-name=\"woocommerce\/cart-order-summary-shipping-block\" class=\"wp-block-woocommerce-cart-order-summary-shipping-block\"><\/div>\n<div data-block-name=\"woocommerce\/cart-order-summary-taxes-block\" class=\"wp-block-woocommerce-cart-order-summary-taxes-block\"><\/div><\/div>\n<\/div>\n\n\n\n<div data-block-name=\"woocommerce\/cart-express-payment-block\" class=\"wp-block-woocommerce-cart-express-payment-block\"><\/div>\n\n\n\n<div data-block-name=\"woocommerce\/proceed-to-checkout-block\" class=\"wp-block-woocommerce-proceed-to-checkout-block\"><\/div>\n\n\n\n<div data-block-name=\"woocommerce\/cart-accepted-payment-methods-block\" class=\"wp-block-woocommerce-cart-accepted-payment-methods-block\"><\/div>\n<\/div>\n<\/div>\n\n\n\n<div data-block-name=\"woocommerce\/empty-cart-block\" class=\"wp-block-woocommerce-empty-cart-block\">\n<h2 class=\"wp-block-heading has-text-align-center with-empty-cart-icon wc-block-cart__empty-cart__title\">Votre panier est actuellement vide\u00a0!<\/h2>\n\n\n\n<hr class=\"wp-block-separator has-alpha-channel-opacity is-style-dots\"\/>\n\n\n\n<h2 class=\"wp-block-heading has-text-align-center\">Nouveau dans la boutique<\/h2>\n\n\n<div data-block-name=\"woocommerce\/product-new\" data-columns=\"4\" data-rows=\"1\" class=\"wc-block-grid wp-block-product-new wp-block-woocommerce-product-new wc-block-product-new has-4-columns\"><ul class=\"wc-block-grid__products\"><li class=\"wc-block-grid__product\">\n\t\t\t\t<a href=\"https:\/\/re-surf.com\/en\/produit\/stage-de-surf-les-portes\/\" class=\"wc-block-grid__product-link\">\n\t\t\t\t\t\n\t\t\t\t\t<div class=\"wc-block-grid__product-image\"><img loading=\"lazy\" decoding=\"async\" width=\"300\" height=\"300\" src=\"https:\/\/re-surf.com\/wp-content\/uploads\/2024\/02\/stage-de-surf-les-portes-en-re-300x300.jpg\" class=\"attachment-woocommerce_thumbnail size-woocommerce_thumbnail\" alt=\"Stage deposit | Les Portes\" srcset=\"https:\/\/re-surf.com\/wp-content\/uploads\/2024\/02\/stage-de-surf-les-portes-en-re-300x300.jpg 300w, https:\/\/re-surf.com\/wp-content\/uploads\/2024\/02\/stage-de-surf-les-portes-en-re-100x100.jpg 100w, https:\/\/re-surf.com\/wp-content\/uploads\/2024\/02\/stage-de-surf-les-portes-en-re-600x600.jpg 600w, https:\/\/re-surf.com\/wp-content\/uploads\/2024\/02\/stage-de-surf-les-portes-en-re-80x80.jpg 80w, https:\/\/re-surf.com\/wp-content\/uploads\/2024\/02\/stage-de-surf-les-portes-en-re-768x768.jpg 768w, https:\/\/re-surf.com\/wp-content\/uploads\/2024\/02\/stage-de-surf-les-portes-en-re-36x36.jpg 36w, https:\/\/re-surf.com\/wp-content\/uploads\/2024\/02\/stage-de-surf-les-portes-en-re-180x180.jpg 180w, https:\/\/re-surf.com\/wp-content\/uploads\/2024\/02\/stage-de-surf-les-portes-en-re-705x705.jpg 705w, https:\/\/re-surf.com\/wp-content\/uploads\/2024\/02\/stage-de-surf-les-portes-en-re-120x120.jpg 120w, https:\/\/re-surf.com\/wp-content\/uploads\/2024\/02\/stage-de-surf-les-portes-en-re-450x450.jpg 450w, https:\/\/re-surf.com\/wp-content\/uploads\/2024\/02\/stage-de-surf-les-portes-en-re.jpg 1000w\" sizes=\"auto, (max-width: 300px) 100vw, 300px\" \/><\/div>\n\t\t\t\t\t<div class=\"wc-block-grid__product-title\">Stage deposit | Les Portes<\/div>\n\t\t\t\t<\/a>\n\t\t\t\t<div class=\"wc-block-grid__product-price price\"><span class=\"woocommerce-Price-amount amount\">100,00&nbsp;<span class=\"woocommerce-Price-currencySymbol\">&euro;<\/span><\/span><\/div>\n\t\t\t\t\n\t\t\t\t<div class=\"wp-block-button wc-block-grid__product-add-to-cart\"><a href=\"https:\/\/re-surf.com\/en\/produit\/stage-de-surf-les-portes\/\" aria-label=\"Select options for &ldquo;Stage deposit | Les Portes&rdquo;\" data-quantity=\"1\" data-product_id=\"1869\" data-product_sku=\"\" data-price=\"100\" rel=\"nofollow\" class=\"wp-block-button__link  add_to_cart_button\">Select options<\/a><\/div>\n\t\t\t<\/li><li class=\"wc-block-grid__product\">\n\t\t\t\t<a href=\"https:\/\/re-surf.com\/en\/produit\/stage-de-surf-le-bois-plage\/\" class=\"wc-block-grid__product-link\">\n\t\t\t\t\t\n\t\t\t\t\t<div class=\"wc-block-grid__product-image\"><img loading=\"lazy\" decoding=\"async\" width=\"300\" height=\"300\" src=\"https:\/\/re-surf.com\/wp-content\/uploads\/2024\/02\/vignette-le-bois-plage-surf-re-surf-2024-300x300.jpg\" class=\"attachment-woocommerce_thumbnail size-woocommerce_thumbnail\" alt=\"Stage deposit | Le Bois-Plage\" srcset=\"https:\/\/re-surf.com\/wp-content\/uploads\/2024\/02\/vignette-le-bois-plage-surf-re-surf-2024-300x300.jpg 300w, https:\/\/re-surf.com\/wp-content\/uploads\/2024\/02\/vignette-le-bois-plage-surf-re-surf-2024-100x100.jpg 100w, https:\/\/re-surf.com\/wp-content\/uploads\/2024\/02\/vignette-le-bois-plage-surf-re-surf-2024-600x600.jpg 600w, https:\/\/re-surf.com\/wp-content\/uploads\/2024\/02\/vignette-le-bois-plage-surf-re-surf-2024-80x80.jpg 80w, https:\/\/re-surf.com\/wp-content\/uploads\/2024\/02\/vignette-le-bois-plage-surf-re-surf-2024-768x768.jpg 768w, https:\/\/re-surf.com\/wp-content\/uploads\/2024\/02\/vignette-le-bois-plage-surf-re-surf-2024-36x36.jpg 36w, https:\/\/re-surf.com\/wp-content\/uploads\/2024\/02\/vignette-le-bois-plage-surf-re-surf-2024-180x180.jpg 180w, https:\/\/re-surf.com\/wp-content\/uploads\/2024\/02\/vignette-le-bois-plage-surf-re-surf-2024-705x705.jpg 705w, https:\/\/re-surf.com\/wp-content\/uploads\/2024\/02\/vignette-le-bois-plage-surf-re-surf-2024-120x120.jpg 120w, https:\/\/re-surf.com\/wp-content\/uploads\/2024\/02\/vignette-le-bois-plage-surf-re-surf-2024-450x450.jpg 450w, https:\/\/re-surf.com\/wp-content\/uploads\/2024\/02\/vignette-le-bois-plage-surf-re-surf-2024.jpg 1000w\" sizes=\"auto, (max-width: 300px) 100vw, 300px\" \/><\/div>\n\t\t\t\t\t<div class=\"wc-block-grid__product-title\">Stage deposit | Le Bois-Plage<\/div>\n\t\t\t\t<\/a>\n\t\t\t\t<div class=\"wc-block-grid__product-price price\"><span class=\"woocommerce-Price-amount amount\">100,00&nbsp;<span class=\"woocommerce-Price-currencySymbol\">&euro;<\/span><\/span><\/div>\n\t\t\t\t\n\t\t\t\t<div class=\"wp-block-button wc-block-grid__product-add-to-cart\"><a href=\"https:\/\/re-surf.com\/en\/produit\/stage-de-surf-le-bois-plage\/\" aria-label=\"Select options for &ldquo;Stage deposit | Le Bois-Plage&rdquo;\" data-quantity=\"1\" data-product_id=\"1873\" data-product_sku=\"\" data-price=\"100\" rel=\"nofollow\" class=\"wp-block-button__link  add_to_cart_button\">Select options<\/a><\/div>\n\t\t\t<\/li><\/ul><\/div><\/div>\n<\/div>\n","protected":false},"excerpt":{"rendered":"","protected":false},"author":1,"featured_media":0,"parent":0,"menu_order":0,"comment_status":"closed","ping_status":"closed","template":"","meta":{"footnotes":""},"class_list":["post-1858","page","type-page","status-publish","hentry"],"yoast_head":"<!-- This site is optimized with the Yoast SEO Premium plugin v23.9 (Yoast SEO v24.7) - https:\/\/yoast.com\/wordpress\/plugins\/seo\/ -->\n<title>Cart | R\u00c9 SURF<\/title>\n<meta name=\"robots\" content=\"index, follow, max-snippet:-1, max-image-preview:large, max-video-preview:-1\" \/>\n<link rel=\"canonical\" href=\"https:\/\/re-surf.com\/en\/cart\/\" \/>\n<meta property=\"og:locale\" content=\"en_US\" \/>\n<meta property=\"og:type\" content=\"article\" \/>\n<meta property=\"og:title\" content=\"Cart\" \/>\n<meta property=\"og:url\" content=\"https:\/\/re-surf.com\/en\/cart\/\" \/>\n<meta property=\"og:site_name\" content=\"R\u00c9 SURF\" \/>\n<meta property=\"article:publisher\" content=\"https:\/\/www.facebook.com\/people\/R-Surf\/100064587886656\/\" \/>\n<meta property=\"article:modified_time\" content=\"2024-03-27T18:09:30+00:00\" \/>\n<meta property=\"og:image\" content=\"https:\/\/re-surf.com\/wp-content\/uploads\/2024\/02\/remy-re-surf.jpg\" \/>\n\t<meta property=\"og:image:width\" content=\"1349\" \/>\n\t<meta property=\"og:image:height\" content=\"1891\" \/>\n\t<meta property=\"og:image:type\" content=\"image\/jpeg\" \/>\n<meta name=\"twitter:card\" content=\"summary_large_image\" \/>\n<meta name=\"twitter:label1\" content=\"Est. reading time\" \/>\n\t<meta name=\"twitter:data1\" content=\"1 minute\" \/>\n<script type=\"application\/ld+json\" class=\"yoast-schema-graph\">{\"@context\":\"https:\/\/schema.org\",\"@graph\":[{\"@type\":\"WebPage\",\"@id\":\"https:\/\/re-surf.com\/en\/cart\/\",\"url\":\"https:\/\/re-surf.com\/en\/cart\/\",\"name\":\"Cart | R\u00c9 SURF\",\"isPartOf\":{\"@id\":\"https:\/\/re-surf.com\/#website\"},\"datePublished\":\"2024-02-19T08:07:30+00:00\",\"dateModified\":\"2024-03-27T18:09:30+00:00\",\"breadcrumb\":{\"@id\":\"https:\/\/re-surf.com\/en\/cart\/#breadcrumb\"},\"inLanguage\":\"en-US\",\"potentialAction\":[{\"@type\":\"ReadAction\",\"target\":[\"https:\/\/re-surf.com\/en\/cart\/\"]}]},{\"@type\":\"BreadcrumbList\",\"@id\":\"https:\/\/re-surf.com\/en\/cart\/#breadcrumb\",\"itemListElement\":[{\"@type\":\"ListItem\",\"position\":1,\"name\":\"Accueil\",\"item\":\"https:\/\/re-surf.com\/accueil\/\"},{\"@type\":\"ListItem\",\"position\":2,\"name\":\"Cart\"}]},{\"@type\":\"WebSite\",\"@id\":\"https:\/\/re-surf.com\/#website\",\"url\":\"https:\/\/re-surf.com\/\",\"name\":\"R\u00c9 SURF\",\"description\":\"Ecole de surf de l&#039;\u00cele de R\u00e9 | R\u00e9 Surf | Le Bois-Plage et Les Portes en R\u00e9\",\"publisher\":{\"@id\":\"https:\/\/re-surf.com\/#organization\"},\"alternateName\":\"Ecole de surf de l'ile de R\u00e9\",\"potentialAction\":[{\"@type\":\"SearchAction\",\"target\":{\"@type\":\"EntryPoint\",\"urlTemplate\":\"https:\/\/re-surf.com\/?s={search_term_string}\"},\"query-input\":{\"@type\":\"PropertyValueSpecification\",\"valueRequired\":true,\"valueName\":\"search_term_string\"}}],\"inLanguage\":\"en-US\"},{\"@type\":\"Organization\",\"@id\":\"https:\/\/re-surf.com\/#organization\",\"name\":\"R\u00c9 SURF\",\"url\":\"https:\/\/re-surf.com\/\",\"logo\":{\"@type\":\"ImageObject\",\"inLanguage\":\"en-US\",\"@id\":\"https:\/\/re-surf.com\/#\/schema\/logo\/image\/\",\"url\":\"https:\/\/re-surf.com\/wp-content\/uploads\/2024\/03\/logo-re-surf-ecole-de-surf-sur-ile-de-re.png\",\"contentUrl\":\"https:\/\/re-surf.com\/wp-content\/uploads\/2024\/03\/logo-re-surf-ecole-de-surf-sur-ile-de-re.png\",\"width\":500,\"height\":500,\"caption\":\"R\u00c9 SURF\"},\"image\":{\"@id\":\"https:\/\/re-surf.com\/#\/schema\/logo\/image\/\"},\"sameAs\":[\"https:\/\/www.facebook.com\/people\/R-Surf\/100064587886656\/\",\"https:\/\/www.instagram.com\/resurf_ecole\/\"],\"description\":\"\\\"En stage ou en en cours particuliers, d\u00e9butant ou avanc\u00e9s, de 7 \u00e0 77 ans, nous vous accueillons avec le sourire\\\"\",\"email\":\"contact@re-surf.com\",\"telephone\":\"06 30 08 12 81\",\"legalName\":\"R\u00e9my Cormier\",\"foundingDate\":\"2003-03-17\"}]}<\/script>\n<!-- \/ Yoast SEO Premium plugin. -->","yoast_head_json":{"title":"Cart | R\u00c9 SURF","robots":{"index":"index","follow":"follow","max-snippet":"max-snippet:-1","max-image-preview":"max-image-preview:large","max-video-preview":"max-video-preview:-1"},"canonical":"https:\/\/re-surf.com\/en\/cart\/","og_locale":"en_US","og_type":"article","og_title":"Cart","og_url":"https:\/\/re-surf.com\/en\/cart\/","og_site_name":"R\u00c9 SURF","article_publisher":"https:\/\/www.facebook.com\/people\/R-Surf\/100064587886656\/","article_modified_time":"2024-03-27T18:09:30+00:00","og_image":[{"width":1349,"height":1891,"url":"https:\/\/re-surf.com\/wp-content\/uploads\/2024\/02\/remy-re-surf.jpg","type":"image\/jpeg"}],"twitter_card":"summary_large_image","twitter_misc":{"Est. reading time":"1 minute"},"schema":{"@context":"https:\/\/schema.org","@graph":[{"@type":"WebPage","@id":"https:\/\/re-surf.com\/en\/cart\/","url":"https:\/\/re-surf.com\/en\/cart\/","name":"Cart | R\u00c9 SURF","isPartOf":{"@id":"https:\/\/re-surf.com\/#website"},"datePublished":"2024-02-19T08:07:30+00:00","dateModified":"2024-03-27T18:09:30+00:00","breadcrumb":{"@id":"https:\/\/re-surf.com\/en\/cart\/#breadcrumb"},"inLanguage":"en-US","potentialAction":[{"@type":"ReadAction","target":["https:\/\/re-surf.com\/en\/cart\/"]}]},{"@type":"BreadcrumbList","@id":"https:\/\/re-surf.com\/en\/cart\/#breadcrumb","itemListElement":[{"@type":"ListItem","position":1,"name":"Accueil","item":"https:\/\/re-surf.com\/accueil\/"},{"@type":"ListItem","position":2,"name":"Cart"}]},{"@type":"WebSite","@id":"https:\/\/re-surf.com\/#website","url":"https:\/\/re-surf.com\/","name":"R\u00c9 SURF","description":"Ecole de surf de l&#039;\u00cele de R\u00e9 | R\u00e9 Surf | Le Bois-Plage et Les Portes en R\u00e9","publisher":{"@id":"https:\/\/re-surf.com\/#organization"},"alternateName":"Ecole de surf de l'ile de R\u00e9","potentialAction":[{"@type":"SearchAction","target":{"@type":"EntryPoint","urlTemplate":"https:\/\/re-surf.com\/?s={search_term_string}"},"query-input":{"@type":"PropertyValueSpecification","valueRequired":true,"valueName":"search_term_string"}}],"inLanguage":"en-US"},{"@type":"Organization","@id":"https:\/\/re-surf.com\/#organization","name":"R\u00c9 SURF","url":"https:\/\/re-surf.com\/","logo":{"@type":"ImageObject","inLanguage":"en-US","@id":"https:\/\/re-surf.com\/#\/schema\/logo\/image\/","url":"https:\/\/re-surf.com\/wp-content\/uploads\/2024\/03\/logo-re-surf-ecole-de-surf-sur-ile-de-re.png","contentUrl":"https:\/\/re-surf.com\/wp-content\/uploads\/2024\/03\/logo-re-surf-ecole-de-surf-sur-ile-de-re.png","width":500,"height":500,"caption":"R\u00c9 SURF"},"image":{"@id":"https:\/\/re-surf.com\/#\/schema\/logo\/image\/"},"sameAs":["https:\/\/www.facebook.com\/people\/R-Surf\/100064587886656\/","https:\/\/www.instagram.com\/resurf_ecole\/"],"description":"\"En stage ou en en cours particuliers, d\u00e9butant ou avanc\u00e9s, de 7 \u00e0 77 ans, nous vous accueillons avec le sourire\"","email":"contact@re-surf.com","telephone":"06 30 08 12 81","legalName":"R\u00e9my Cormier","foundingDate":"2003-03-17"}]}},"_links":{"self":[{"href":"https:\/\/re-surf.com\/en\/wp-json\/wp\/v2\/pages\/1858","targetHints":{"allow":["GET"]}}],"collection":[{"href":"https:\/\/re-surf.com\/en\/wp-json\/wp\/v2\/pages"}],"about":[{"href":"https:\/\/re-surf.com\/en\/wp-json\/wp\/v2\/types\/page"}],"author":[{"embeddable":true,"href":"https:\/\/re-surf.com\/en\/wp-json\/wp\/v2\/users\/1"}],"replies":[{"embeddable":true,"href":"https:\/\/re-surf.com\/en\/wp-json\/wp\/v2\/comments?post=1858"}],"version-history":[{"count":1,"href":"https:\/\/re-surf.com\/en\/wp-json\/wp\/v2\/pages\/1858\/revisions"}],"predecessor-version":[{"id":1859,"href":"https:\/\/re-surf.com\/en\/wp-json\/wp\/v2\/pages\/1858\/revisions\/1859"}],"wp:attachment":[{"href":"https:\/\/re-surf.com\/en\/wp-json\/wp\/v2\/media?parent=1858"}],"curies":[{"name":"wp","href":"https:\/\/api.w.org\/{rel}","templated":true}]}}