{"id":1869,"date":"2024-02-21T09:50:28","date_gmt":"2024-02-21T09:50:28","guid":{"rendered":"https:\/\/re-surf.com\/produit\/stage-de-surf-les-portes\/"},"modified":"2026-02-06T13:45:53","modified_gmt":"2026-02-06T13:45:53","slug":"stage-de-surf-les-portes","status":"publish","type":"product","link":"https:\/\/re-surf.com\/en\/produit\/stage-de-surf-les-portes\/","title":{"rendered":"Stage deposit | Les Portes"},"content":{"rendered":"<div class=\"elementor-element elementor-element-4244065f elementor-widget elementor-widget-text-editor\" data-id=\"4244065f\" data-element_type=\"widget\" data-widget_type=\"text-editor.default\">\n<p>&nbsp;<\/p>\n<div class=\"elementor-widget-container\">\n<div class=\"elementor-text-editor elementor-clearfix\">\n<p>SECURE PAYMENTS WITH STRIPE<\/p>\n<p><img loading=\"lazy\" decoding=\"async\" class=\"alignnone size-medium wp-image-1077\" src=\"https:\/\/re-surf.com\/wp-content\/uploads\/2024\/02\/logo-stripe-300x95.webp\" alt=\"\" width=\"300\" height=\"95\" srcset=\"https:\/\/re-surf.com\/wp-content\/uploads\/2024\/02\/logo-stripe-300x95.webp 300w, https:\/\/re-surf.com\/wp-content\/uploads\/2024\/02\/logo-stripe-450x143.webp 450w, https:\/\/re-surf.com\/wp-content\/uploads\/2024\/02\/logo-stripe.webp 593w\" sizes=\"auto, (max-width: 300px) 100vw, 300px\" \/><\/p>\n<h2>Surfing courses on Lizay beach<\/h2>\n<p>The courses are for people wishing to learn or continuously improve surfing techniques or associated disciplines (bodyboarding, bodysurfing and longboarding).<br \/>\nDuring private lessons, objectives are set according to the level of the trainee.<\/p>\n<p>All these objectives will be adapted according to the motivation, physical condition and level of the trainee.<br \/>\nAn internship allows:<\/p>\n<ul>\n<li>to learn how to stand up on a surfboard and follow a foam wave in a standing position<\/li>\n<li>to know the safety rules<\/li>\n<li>to learn how to catch unbroken waves<\/li>\n<\/ul>\n<p>In the event of no waves, theory lessons or replacement activities are planned.<br \/>\nAll lessons are taught by instructors who hold the State Surfing Certificate.<\/p>\n<p>From Monday to Saturday, during the Easter, All Saints&#8217; and summer school holidays. Course times are set according to the tides. Classes generally take place 3 hours before and after high tide (Find tide times here).<\/p>\n<\/div>\n<\/div>\n<\/div>\n","protected":false},"excerpt":{"rendered":"<h5><img loading=\"lazy\" decoding=\"async\" class=\" wp-image-881 alignleft\" src=\"https:\/\/re-surf.com\/wp-content\/uploads\/2024\/02\/equipe-passione-surf-moniteur-80x80.png\" alt=\"\" width=\"123\" height=\"123\" srcset=\"https:\/\/re-surf.com\/wp-content\/uploads\/2024\/02\/equipe-passione-surf-moniteur-80x80.png 80w, https:\/\/re-surf.com\/wp-content\/uploads\/2024\/02\/equipe-passione-surf-moniteur-300x300.png 300w, https:\/\/re-surf.com\/wp-content\/uploads\/2024\/02\/equipe-passione-surf-moniteur-100x100.png 100w, https:\/\/re-surf.com\/wp-content\/uploads\/2024\/02\/equipe-passione-surf-moniteur-36x36.png 36w, https:\/\/re-surf.com\/wp-content\/uploads\/2024\/02\/equipe-passione-surf-moniteur-180x180.png 180w, https:\/\/re-surf.com\/wp-content\/uploads\/2024\/02\/equipe-passione-surf-moniteur-120x120.png 120w, https:\/\/re-surf.com\/wp-content\/uploads\/2024\/02\/equipe-passione-surf-moniteur-450x450.png 450w, https:\/\/re-surf.com\/wp-content\/uploads\/2024\/02\/equipe-passione-surf-moniteur.png 500w\" sizes=\"auto, (max-width: 123px) 100vw, 123px\" \/><\/h5>\n<p>\u26a0\ufe0f Here you pay a deposit for the surf course, i.e.<strong> 50%<\/strong> (<span style=\"color: #ff0000;\">\u20ac100 per person<\/span>) of the total amount.<br \/>\nNote that you will have to pay the balance of the course, an additional<strong> \u20ac100.<\/strong><\/p>\n<p>Surfing course on Lizay beach in Portes-en-R\u00e9.<br \/>\n<strong>Duration 5 days | \u20ac200<\/strong><\/p>\n<p><span style=\"color: #ff5100;\">Scroll down the menu below and choose your course from the dates offered<\/span><\/p>\n","protected":false},"featured_media":1577,"template":"","meta":[],"product_brand":[],"product_cat":[29],"product_tag":[],"class_list":{"0":"post-1869","1":"product","2":"type-product","3":"status-publish","4":"has-post-thumbnail","6":"product_cat-non-classifiee","8":"first","9":"instock","10":"shipping-taxable","11":"purchasable","12":"product-type-variable"},"yoast_head":"<!-- This site is optimized with the Yoast SEO Premium plugin v23.9 (Yoast SEO v24.7) - https:\/\/yoast.com\/wordpress\/plugins\/seo\/ -->\n<title>Stage deposit | Les Portes | R\u00c9 SURF<\/title>\n<meta name=\"robots\" content=\"index, follow, max-snippet:-1, max-image-preview:large, max-video-preview:-1\" \/>\n<link rel=\"canonical\" href=\"https:\/\/re-surf.com\/en\/produit\/stage-de-surf-les-portes\/\" \/>\n<meta property=\"og:locale\" content=\"en_US\" \/>\n<meta property=\"og:type\" content=\"article\" \/>\n<meta property=\"og:title\" content=\"Stage deposit | Les Portes\" \/>\n<meta property=\"og:description\" content=\"\u26a0\ufe0f Here you pay a deposit for the surf course, i.e. 50% (\u20ac100 per person) of the total amount. Note that you will have to pay the balance of the course, an additional \u20ac100.  Surfing course on Lizay beach in Portes-en-R\u00e9. Duration 5 days | \u20ac200  Scroll down the menu below and choose your course from the dates offered\" \/>\n<meta property=\"og:url\" content=\"https:\/\/re-surf.com\/en\/produit\/stage-de-surf-les-portes\/\" \/>\n<meta property=\"og:site_name\" content=\"R\u00c9 SURF\" \/>\n<meta property=\"article:publisher\" content=\"https:\/\/www.facebook.com\/people\/R-Surf\/100064587886656\/\" \/>\n<meta property=\"article:modified_time\" content=\"2026-02-06T13:45:53+00:00\" \/>\n<meta property=\"og:image\" content=\"https:\/\/re-surf.com\/wp-content\/uploads\/2024\/02\/stage-de-surf-les-portes-en-re.jpg\" \/>\n\t<meta property=\"og:image:width\" content=\"1000\" \/>\n\t<meta property=\"og:image:height\" content=\"1000\" \/>\n\t<meta property=\"og:image:type\" content=\"image\/jpeg\" \/>\n<meta name=\"twitter:card\" content=\"summary_large_image\" \/>\n<meta name=\"twitter:label1\" content=\"Est. reading time\" \/>\n\t<meta name=\"twitter:data1\" content=\"1 minute\" \/>\n<script type=\"application\/ld+json\" class=\"yoast-schema-graph\">{\"@context\":\"https:\/\/schema.org\",\"@graph\":[{\"@type\":\"WebPage\",\"@id\":\"https:\/\/re-surf.com\/en\/produit\/stage-de-surf-les-portes\/\",\"url\":\"https:\/\/re-surf.com\/en\/produit\/stage-de-surf-les-portes\/\",\"name\":\"Stage deposit | Les Portes | R\u00c9 SURF\",\"isPartOf\":{\"@id\":\"https:\/\/re-surf.com\/#website\"},\"primaryImageOfPage\":{\"@id\":\"https:\/\/re-surf.com\/en\/produit\/stage-de-surf-les-portes\/#primaryimage\"},\"image\":{\"@id\":\"https:\/\/re-surf.com\/en\/produit\/stage-de-surf-les-portes\/#primaryimage\"},\"thumbnailUrl\":\"https:\/\/re-surf.com\/wp-content\/uploads\/2024\/02\/stage-de-surf-les-portes-en-re.jpg\",\"datePublished\":\"2024-02-21T09:50:28+00:00\",\"dateModified\":\"2026-02-06T13:45:53+00:00\",\"breadcrumb\":{\"@id\":\"https:\/\/re-surf.com\/en\/produit\/stage-de-surf-les-portes\/#breadcrumb\"},\"inLanguage\":\"en-US\",\"potentialAction\":[{\"@type\":\"ReadAction\",\"target\":[\"https:\/\/re-surf.com\/en\/produit\/stage-de-surf-les-portes\/\"]}]},{\"@type\":\"ImageObject\",\"inLanguage\":\"en-US\",\"@id\":\"https:\/\/re-surf.com\/en\/produit\/stage-de-surf-les-portes\/#primaryimage\",\"url\":\"https:\/\/re-surf.com\/wp-content\/uploads\/2024\/02\/stage-de-surf-les-portes-en-re.jpg\",\"contentUrl\":\"https:\/\/re-surf.com\/wp-content\/uploads\/2024\/02\/stage-de-surf-les-portes-en-re.jpg\",\"width\":1000,\"height\":1000},{\"@type\":\"BreadcrumbList\",\"@id\":\"https:\/\/re-surf.com\/en\/produit\/stage-de-surf-les-portes\/#breadcrumb\",\"itemListElement\":[{\"@type\":\"ListItem\",\"position\":1,\"name\":\"Accueil\",\"item\":\"https:\/\/re-surf.com\/accueil\/\"},{\"@type\":\"ListItem\",\"position\":2,\"name\":\"Boutique\",\"item\":\"https:\/\/re-surf.com\/boutique\/\"},{\"@type\":\"ListItem\",\"position\":3,\"name\":\"Stage deposit | Les Portes\"}]},{\"@type\":\"WebSite\",\"@id\":\"https:\/\/re-surf.com\/#website\",\"url\":\"https:\/\/re-surf.com\/\",\"name\":\"R\u00c9 SURF\",\"description\":\"Ecole de surf de l&#039;\u00cele de R\u00e9 | R\u00e9 Surf | Le Bois-Plage et Les Portes en R\u00e9\",\"publisher\":{\"@id\":\"https:\/\/re-surf.com\/#organization\"},\"alternateName\":\"Ecole de surf de l'ile de R\u00e9\",\"potentialAction\":[{\"@type\":\"SearchAction\",\"target\":{\"@type\":\"EntryPoint\",\"urlTemplate\":\"https:\/\/re-surf.com\/?s={search_term_string}\"},\"query-input\":{\"@type\":\"PropertyValueSpecification\",\"valueRequired\":true,\"valueName\":\"search_term_string\"}}],\"inLanguage\":\"en-US\"},{\"@type\":\"Organization\",\"@id\":\"https:\/\/re-surf.com\/#organization\",\"name\":\"R\u00c9 SURF\",\"url\":\"https:\/\/re-surf.com\/\",\"logo\":{\"@type\":\"ImageObject\",\"inLanguage\":\"en-US\",\"@id\":\"https:\/\/re-surf.com\/#\/schema\/logo\/image\/\",\"url\":\"https:\/\/re-surf.com\/wp-content\/uploads\/2024\/03\/logo-re-surf-ecole-de-surf-sur-ile-de-re.png\",\"contentUrl\":\"https:\/\/re-surf.com\/wp-content\/uploads\/2024\/03\/logo-re-surf-ecole-de-surf-sur-ile-de-re.png\",\"width\":500,\"height\":500,\"caption\":\"R\u00c9 SURF\"},\"image\":{\"@id\":\"https:\/\/re-surf.com\/#\/schema\/logo\/image\/\"},\"sameAs\":[\"https:\/\/www.facebook.com\/people\/R-Surf\/100064587886656\/\",\"https:\/\/www.instagram.com\/resurf_ecole\/\"],\"description\":\"\\\"En stage ou en en cours particuliers, d\u00e9butant ou avanc\u00e9s, de 7 \u00e0 77 ans, nous vous accueillons avec le sourire\\\"\",\"email\":\"contact@re-surf.com\",\"telephone\":\"06 30 08 12 81\",\"legalName\":\"R\u00e9my Cormier\",\"foundingDate\":\"2003-03-17\"}]}<\/script>\n<!-- \/ Yoast SEO Premium plugin. -->","yoast_head_json":{"title":"Stage deposit | Les Portes | R\u00c9 SURF","robots":{"index":"index","follow":"follow","max-snippet":"max-snippet:-1","max-image-preview":"max-image-preview:large","max-video-preview":"max-video-preview:-1"},"canonical":"https:\/\/re-surf.com\/en\/produit\/stage-de-surf-les-portes\/","og_locale":"en_US","og_type":"article","og_title":"Stage deposit | Les Portes","og_description":"\u26a0\ufe0f Here you pay a deposit for the surf course, i.e. 50% (\u20ac100 per person) of the total amount. Note that you will have to pay the balance of the course, an additional \u20ac100.  Surfing course on Lizay beach in Portes-en-R\u00e9. Duration 5 days | \u20ac200  Scroll down the menu below and choose your course from the dates offered","og_url":"https:\/\/re-surf.com\/en\/produit\/stage-de-surf-les-portes\/","og_site_name":"R\u00c9 SURF","article_publisher":"https:\/\/www.facebook.com\/people\/R-Surf\/100064587886656\/","article_modified_time":"2026-02-06T13:45:53+00:00","og_image":[{"width":1000,"height":1000,"url":"https:\/\/re-surf.com\/wp-content\/uploads\/2024\/02\/stage-de-surf-les-portes-en-re.jpg","type":"image\/jpeg"}],"twitter_card":"summary_large_image","twitter_misc":{"Est. reading time":"1 minute"},"schema":{"@context":"https:\/\/schema.org","@graph":[{"@type":"WebPage","@id":"https:\/\/re-surf.com\/en\/produit\/stage-de-surf-les-portes\/","url":"https:\/\/re-surf.com\/en\/produit\/stage-de-surf-les-portes\/","name":"Stage deposit | Les Portes | R\u00c9 SURF","isPartOf":{"@id":"https:\/\/re-surf.com\/#website"},"primaryImageOfPage":{"@id":"https:\/\/re-surf.com\/en\/produit\/stage-de-surf-les-portes\/#primaryimage"},"image":{"@id":"https:\/\/re-surf.com\/en\/produit\/stage-de-surf-les-portes\/#primaryimage"},"thumbnailUrl":"https:\/\/re-surf.com\/wp-content\/uploads\/2024\/02\/stage-de-surf-les-portes-en-re.jpg","datePublished":"2024-02-21T09:50:28+00:00","dateModified":"2026-02-06T13:45:53+00:00","breadcrumb":{"@id":"https:\/\/re-surf.com\/en\/produit\/stage-de-surf-les-portes\/#breadcrumb"},"inLanguage":"en-US","potentialAction":[{"@type":"ReadAction","target":["https:\/\/re-surf.com\/en\/produit\/stage-de-surf-les-portes\/"]}]},{"@type":"ImageObject","inLanguage":"en-US","@id":"https:\/\/re-surf.com\/en\/produit\/stage-de-surf-les-portes\/#primaryimage","url":"https:\/\/re-surf.com\/wp-content\/uploads\/2024\/02\/stage-de-surf-les-portes-en-re.jpg","contentUrl":"https:\/\/re-surf.com\/wp-content\/uploads\/2024\/02\/stage-de-surf-les-portes-en-re.jpg","width":1000,"height":1000},{"@type":"BreadcrumbList","@id":"https:\/\/re-surf.com\/en\/produit\/stage-de-surf-les-portes\/#breadcrumb","itemListElement":[{"@type":"ListItem","position":1,"name":"Accueil","item":"https:\/\/re-surf.com\/accueil\/"},{"@type":"ListItem","position":2,"name":"Boutique","item":"https:\/\/re-surf.com\/boutique\/"},{"@type":"ListItem","position":3,"name":"Stage deposit | Les Portes"}]},{"@type":"WebSite","@id":"https:\/\/re-surf.com\/#website","url":"https:\/\/re-surf.com\/","name":"R\u00c9 SURF","description":"Ecole de surf de l&#039;\u00cele de R\u00e9 | R\u00e9 Surf | Le Bois-Plage et Les Portes en R\u00e9","publisher":{"@id":"https:\/\/re-surf.com\/#organization"},"alternateName":"Ecole de surf de l'ile de R\u00e9","potentialAction":[{"@type":"SearchAction","target":{"@type":"EntryPoint","urlTemplate":"https:\/\/re-surf.com\/?s={search_term_string}"},"query-input":{"@type":"PropertyValueSpecification","valueRequired":true,"valueName":"search_term_string"}}],"inLanguage":"en-US"},{"@type":"Organization","@id":"https:\/\/re-surf.com\/#organization","name":"R\u00c9 SURF","url":"https:\/\/re-surf.com\/","logo":{"@type":"ImageObject","inLanguage":"en-US","@id":"https:\/\/re-surf.com\/#\/schema\/logo\/image\/","url":"https:\/\/re-surf.com\/wp-content\/uploads\/2024\/03\/logo-re-surf-ecole-de-surf-sur-ile-de-re.png","contentUrl":"https:\/\/re-surf.com\/wp-content\/uploads\/2024\/03\/logo-re-surf-ecole-de-surf-sur-ile-de-re.png","width":500,"height":500,"caption":"R\u00c9 SURF"},"image":{"@id":"https:\/\/re-surf.com\/#\/schema\/logo\/image\/"},"sameAs":["https:\/\/www.facebook.com\/people\/R-Surf\/100064587886656\/","https:\/\/www.instagram.com\/resurf_ecole\/"],"description":"\"En stage ou en en cours particuliers, d\u00e9butant ou avanc\u00e9s, de 7 \u00e0 77 ans, nous vous accueillons avec le sourire\"","email":"contact@re-surf.com","telephone":"06 30 08 12 81","legalName":"R\u00e9my Cormier","foundingDate":"2003-03-17"}]}},"_links":{"self":[{"href":"https:\/\/re-surf.com\/en\/wp-json\/wp\/v2\/product\/1869","targetHints":{"allow":["GET"]}}],"collection":[{"href":"https:\/\/re-surf.com\/en\/wp-json\/wp\/v2\/product"}],"about":[{"href":"https:\/\/re-surf.com\/en\/wp-json\/wp\/v2\/types\/product"}],"wp:featuredmedia":[{"embeddable":true,"href":"https:\/\/re-surf.com\/en\/wp-json\/wp\/v2\/media\/1577"}],"wp:attachment":[{"href":"https:\/\/re-surf.com\/en\/wp-json\/wp\/v2\/media?parent=1869"}],"wp:term":[{"taxonomy":"product_brand","embeddable":true,"href":"https:\/\/re-surf.com\/en\/wp-json\/wp\/v2\/product_brand?post=1869"},{"taxonomy":"product_cat","embeddable":true,"href":"https:\/\/re-surf.com\/en\/wp-json\/wp\/v2\/product_cat?post=1869"},{"taxonomy":"product_tag","embeddable":true,"href":"https:\/\/re-surf.com\/en\/wp-json\/wp\/v2\/product_tag?post=1869"}],"curies":[{"name":"wp","href":"https:\/\/api.w.org\/{rel}","templated":true}]}}