{"id":1873,"date":"2024-02-20T16:00:40","date_gmt":"2024-02-20T16:00:40","guid":{"rendered":"https:\/\/re-surf.com\/produit\/stage-de-surf-le-bois-plage\/"},"modified":"2026-03-31T06:13:51","modified_gmt":"2026-03-31T06:13:51","slug":"stage-de-surf-le-bois-plage","status":"publish","type":"product","link":"https:\/\/re-surf.com\/en\/produit\/stage-de-surf-le-bois-plage\/","title":{"rendered":"Stage deposit | Le Bois-Plage"},"content":{"rendered":"<div class=\"elementor-element elementor-element-4244065f elementor-widget elementor-widget-text-editor\" data-id=\"4244065f\" data-element_type=\"widget\" data-widget_type=\"text-editor.default\">\n<div class=\"elementor-widget-container\">\n<div class=\"elementor-text-editor elementor-clearfix\">\n<p>SECURE PAYMENTS WITH STRIPE<\/p>\n<p><img loading=\"lazy\" decoding=\"async\" class=\"alignnone size-medium wp-image-1077\" src=\"https:\/\/re-surf.com\/wp-content\/uploads\/2024\/02\/logo-stripe-300x95.webp\" alt=\"\" width=\"300\" height=\"95\" srcset=\"https:\/\/re-surf.com\/wp-content\/uploads\/2024\/02\/logo-stripe-300x95.webp 300w, https:\/\/re-surf.com\/wp-content\/uploads\/2024\/02\/logo-stripe-450x143.webp 450w, https:\/\/re-surf.com\/wp-content\/uploads\/2024\/02\/logo-stripe.webp 593w\" sizes=\"auto, (max-width: 300px) 100vw, 300px\" \/><\/p>\n<h2>Les stages de surf sur la plage de Gros Jonc<\/h2>\n<p>Les stages concernent les personnes d\u00e9sirant s\u2019initier ou se perfectionner de fa\u00e7on suivie aux techniques du surf ou \u00e0 des disciplines associ\u00e9es (bodyboard, bodysurf et longboard).<br \/>\nLors des cours particuliers, les objectifs sont fix\u00e9s en fonction du niveau du stagiaire.<\/p>\n<p>Tous ces objectifs seront adapt\u00e9s en fonction de la motivation, de la condition physique et du niveau du stagiaire.<br \/>\nUn stage permet :<\/p>\n<ul>\n<li>d\u00b4apprendre \u00e0 se redresser sur un surf et suivre une vague en mousse en position debout<\/li>\n<li>de connaitre les r\u00e8gles de s\u00e9curit\u00e9<\/li>\n<li>de s\u2019initier \u00e0 la prise de vagues non d\u00e9ferl\u00e9es<\/li>\n<\/ul>\n<p>En cas d\u2019absence de vagues,\u00a0des cours de th\u00e9orie ou des activit\u00e9s de substitutions sont pr\u00e9vus.<br \/>\nTous les cours sont dispens\u00e9s par des moniteurs titulaires du Brevet d\u2019Etat de surf.<\/p>\n<\/div>\n<\/div>\n<\/div>\n<div class=\"elementor-element elementor-element-5a80b3ad elementor-widget elementor-widget-text-editor\" data-id=\"5a80b3ad\" data-element_type=\"widget\" data-widget_type=\"text-editor.default\">\n<div class=\"elementor-widget-container\">\n<div class=\"elementor-text-editor elementor-clearfix\">\n<p>Du lundi au samedi, pendant les vacances scolaire de p\u00e2ques, de la toussaint ainsi que celle d\u2019\u00e9t\u00e9. Les horaires des cours sont fix\u00e9es en fonction des mar\u00e9es. Les cours se d\u00e9roulent g\u00e9n\u00e9ralement 3 heures avant et apr\u00e8s la mar\u00e9e haute (Retrouvez\u00a0<a title=\"horaires des mar\u00e9es ile de r\u00e9\" href=\"http:\/\/maree.info\/126\" target=\"_blank\" rel=\"noopener noreferrer\">ici<\/a>\u00a0les horaires de mar\u00e9es).<\/p>\n<\/div>\n<\/div>\n<\/div>\n","protected":false},"excerpt":{"rendered":"<p><img loading=\"lazy\" decoding=\"async\" class=\"wp-image-881 alignleft\" src=\"https:\/\/re-surf.com\/wp-content\/uploads\/2024\/02\/equipe-passione-surf-moniteur.png\" alt=\"\" width=\"113\" height=\"113\" srcset=\"https:\/\/re-surf.com\/wp-content\/uploads\/2024\/02\/equipe-passione-surf-moniteur.png 500w, https:\/\/re-surf.com\/wp-content\/uploads\/2024\/02\/equipe-passione-surf-moniteur-300x300.png 300w, https:\/\/re-surf.com\/wp-content\/uploads\/2024\/02\/equipe-passione-surf-moniteur-100x100.png 100w, https:\/\/re-surf.com\/wp-content\/uploads\/2024\/02\/equipe-passione-surf-moniteur-80x80.png 80w, https:\/\/re-surf.com\/wp-content\/uploads\/2024\/02\/equipe-passione-surf-moniteur-36x36.png 36w, https:\/\/re-surf.com\/wp-content\/uploads\/2024\/02\/equipe-passione-surf-moniteur-180x180.png 180w, https:\/\/re-surf.com\/wp-content\/uploads\/2024\/02\/equipe-passione-surf-moniteur-120x120.png 120w, https:\/\/re-surf.com\/wp-content\/uploads\/2024\/02\/equipe-passione-surf-moniteur-450x450.png 450w\" sizes=\"auto, (max-width: 113px) 100vw, 113px\" \/>\u26a0\ufe0f Here you pay a deposit for the surf course, i.e. 50%<strong> (<\/strong><span style=\"color: #ff0000;\">\u20ac100 per person<\/span><strong>)<\/strong> of the total amount.<br \/>\nNote that you will have to pay the balance of the course, an additional <strong>\u20ac100.<\/strong><\/p>\n<p>Surfing course on Gros-Jonc beach in Bois-Plage.<br \/>\n<strong>Duration 5 days | \u20ac200<br \/>\n<\/strong><span style=\"color: #ff5100;\">Scroll down the menu below and choose your course from the dates offered<\/span><\/p>\n","protected":false},"featured_media":1576,"template":"","meta":[],"product_brand":[],"product_cat":[29],"product_tag":[],"class_list":{"0":"post-1873","1":"product","2":"type-product","3":"status-publish","4":"has-post-thumbnail","6":"product_cat-non-classifiee","8":"first","9":"instock","10":"shipping-taxable","11":"purchasable","12":"product-type-variable"},"yoast_head":"<!-- This site is optimized with the Yoast SEO Premium plugin v23.9 (Yoast SEO v24.7) - https:\/\/yoast.com\/wordpress\/plugins\/seo\/ -->\n<title>Stage deposit | Le Bois-Plage | R\u00c9 SURF<\/title>\n<meta name=\"robots\" content=\"index, follow, max-snippet:-1, max-image-preview:large, max-video-preview:-1\" \/>\n<link rel=\"canonical\" href=\"https:\/\/re-surf.com\/en\/produit\/stage-de-surf-le-bois-plage\/\" \/>\n<meta property=\"og:locale\" content=\"en_US\" \/>\n<meta property=\"og:type\" content=\"article\" \/>\n<meta property=\"og:title\" content=\"Stage deposit | Le Bois-Plage\" \/>\n<meta property=\"og:description\" content=\"\u26a0\ufe0f Here you pay a deposit for the surf course, i.e. 50% (\u20ac100 per person) of the total amount. Note that you will have to pay the balance of the course, an additional \u20ac100.  Surfing course on Gros-Jonc beach in Bois-Plage. Duration 5 days | \u20ac200 Scroll down the menu below and choose your course from the dates offered\" \/>\n<meta property=\"og:url\" content=\"https:\/\/re-surf.com\/en\/produit\/stage-de-surf-le-bois-plage\/\" \/>\n<meta property=\"og:site_name\" content=\"R\u00c9 SURF\" \/>\n<meta property=\"article:publisher\" content=\"https:\/\/www.facebook.com\/people\/R-Surf\/100064587886656\/\" \/>\n<meta property=\"article:modified_time\" content=\"2026-03-31T06:13:51+00:00\" \/>\n<meta property=\"og:image\" content=\"https:\/\/re-surf.com\/wp-content\/uploads\/2024\/02\/vignette-le-bois-plage-surf-re-surf-2024.jpg\" \/>\n\t<meta property=\"og:image:width\" content=\"1000\" \/>\n\t<meta property=\"og:image:height\" content=\"1000\" \/>\n\t<meta property=\"og:image:type\" content=\"image\/jpeg\" \/>\n<meta name=\"twitter:card\" content=\"summary_large_image\" \/>\n<meta name=\"twitter:label1\" content=\"Est. reading time\" \/>\n\t<meta name=\"twitter:data1\" content=\"2 minutes\" \/>\n<script type=\"application\/ld+json\" class=\"yoast-schema-graph\">{\"@context\":\"https:\/\/schema.org\",\"@graph\":[{\"@type\":\"WebPage\",\"@id\":\"https:\/\/re-surf.com\/en\/produit\/stage-de-surf-le-bois-plage\/\",\"url\":\"https:\/\/re-surf.com\/en\/produit\/stage-de-surf-le-bois-plage\/\",\"name\":\"Stage deposit | Le Bois-Plage | R\u00c9 SURF\",\"isPartOf\":{\"@id\":\"https:\/\/re-surf.com\/#website\"},\"primaryImageOfPage\":{\"@id\":\"https:\/\/re-surf.com\/en\/produit\/stage-de-surf-le-bois-plage\/#primaryimage\"},\"image\":{\"@id\":\"https:\/\/re-surf.com\/en\/produit\/stage-de-surf-le-bois-plage\/#primaryimage\"},\"thumbnailUrl\":\"https:\/\/re-surf.com\/wp-content\/uploads\/2024\/02\/vignette-le-bois-plage-surf-re-surf-2024.jpg\",\"datePublished\":\"2024-02-20T16:00:40+00:00\",\"dateModified\":\"2026-03-31T06:13:51+00:00\",\"breadcrumb\":{\"@id\":\"https:\/\/re-surf.com\/en\/produit\/stage-de-surf-le-bois-plage\/#breadcrumb\"},\"inLanguage\":\"en-US\",\"potentialAction\":[{\"@type\":\"ReadAction\",\"target\":[\"https:\/\/re-surf.com\/en\/produit\/stage-de-surf-le-bois-plage\/\"]}]},{\"@type\":\"ImageObject\",\"inLanguage\":\"en-US\",\"@id\":\"https:\/\/re-surf.com\/en\/produit\/stage-de-surf-le-bois-plage\/#primaryimage\",\"url\":\"https:\/\/re-surf.com\/wp-content\/uploads\/2024\/02\/vignette-le-bois-plage-surf-re-surf-2024.jpg\",\"contentUrl\":\"https:\/\/re-surf.com\/wp-content\/uploads\/2024\/02\/vignette-le-bois-plage-surf-re-surf-2024.jpg\",\"width\":1000,\"height\":1000},{\"@type\":\"BreadcrumbList\",\"@id\":\"https:\/\/re-surf.com\/en\/produit\/stage-de-surf-le-bois-plage\/#breadcrumb\",\"itemListElement\":[{\"@type\":\"ListItem\",\"position\":1,\"name\":\"Accueil\",\"item\":\"https:\/\/re-surf.com\/accueil\/\"},{\"@type\":\"ListItem\",\"position\":2,\"name\":\"Boutique\",\"item\":\"https:\/\/re-surf.com\/boutique\/\"},{\"@type\":\"ListItem\",\"position\":3,\"name\":\"Stage deposit | Le Bois-Plage\"}]},{\"@type\":\"WebSite\",\"@id\":\"https:\/\/re-surf.com\/#website\",\"url\":\"https:\/\/re-surf.com\/\",\"name\":\"R\u00c9 SURF\",\"description\":\"Ecole de surf de l&#039;\u00cele de R\u00e9 | R\u00e9 Surf | Le Bois-Plage et Les Portes en R\u00e9\",\"publisher\":{\"@id\":\"https:\/\/re-surf.com\/#organization\"},\"alternateName\":\"Ecole de surf de l'ile de R\u00e9\",\"potentialAction\":[{\"@type\":\"SearchAction\",\"target\":{\"@type\":\"EntryPoint\",\"urlTemplate\":\"https:\/\/re-surf.com\/?s={search_term_string}\"},\"query-input\":{\"@type\":\"PropertyValueSpecification\",\"valueRequired\":true,\"valueName\":\"search_term_string\"}}],\"inLanguage\":\"en-US\"},{\"@type\":\"Organization\",\"@id\":\"https:\/\/re-surf.com\/#organization\",\"name\":\"R\u00c9 SURF\",\"url\":\"https:\/\/re-surf.com\/\",\"logo\":{\"@type\":\"ImageObject\",\"inLanguage\":\"en-US\",\"@id\":\"https:\/\/re-surf.com\/#\/schema\/logo\/image\/\",\"url\":\"https:\/\/re-surf.com\/wp-content\/uploads\/2024\/03\/logo-re-surf-ecole-de-surf-sur-ile-de-re.png\",\"contentUrl\":\"https:\/\/re-surf.com\/wp-content\/uploads\/2024\/03\/logo-re-surf-ecole-de-surf-sur-ile-de-re.png\",\"width\":500,\"height\":500,\"caption\":\"R\u00c9 SURF\"},\"image\":{\"@id\":\"https:\/\/re-surf.com\/#\/schema\/logo\/image\/\"},\"sameAs\":[\"https:\/\/www.facebook.com\/people\/R-Surf\/100064587886656\/\",\"https:\/\/www.instagram.com\/resurf_ecole\/\"],\"description\":\"\\\"En stage ou en en cours particuliers, d\u00e9butant ou avanc\u00e9s, de 7 \u00e0 77 ans, nous vous accueillons avec le sourire\\\"\",\"email\":\"contact@re-surf.com\",\"telephone\":\"06 30 08 12 81\",\"legalName\":\"R\u00e9my Cormier\",\"foundingDate\":\"2003-03-17\"}]}<\/script>\n<!-- \/ Yoast SEO Premium plugin. -->","yoast_head_json":{"title":"Stage deposit | Le Bois-Plage | R\u00c9 SURF","robots":{"index":"index","follow":"follow","max-snippet":"max-snippet:-1","max-image-preview":"max-image-preview:large","max-video-preview":"max-video-preview:-1"},"canonical":"https:\/\/re-surf.com\/en\/produit\/stage-de-surf-le-bois-plage\/","og_locale":"en_US","og_type":"article","og_title":"Stage deposit | Le Bois-Plage","og_description":"\u26a0\ufe0f Here you pay a deposit for the surf course, i.e. 50% (\u20ac100 per person) of the total amount. Note that you will have to pay the balance of the course, an additional \u20ac100.  Surfing course on Gros-Jonc beach in Bois-Plage. Duration 5 days | \u20ac200 Scroll down the menu below and choose your course from the dates offered","og_url":"https:\/\/re-surf.com\/en\/produit\/stage-de-surf-le-bois-plage\/","og_site_name":"R\u00c9 SURF","article_publisher":"https:\/\/www.facebook.com\/people\/R-Surf\/100064587886656\/","article_modified_time":"2026-03-31T06:13:51+00:00","og_image":[{"width":1000,"height":1000,"url":"https:\/\/re-surf.com\/wp-content\/uploads\/2024\/02\/vignette-le-bois-plage-surf-re-surf-2024.jpg","type":"image\/jpeg"}],"twitter_card":"summary_large_image","twitter_misc":{"Est. reading time":"2 minutes"},"schema":{"@context":"https:\/\/schema.org","@graph":[{"@type":"WebPage","@id":"https:\/\/re-surf.com\/en\/produit\/stage-de-surf-le-bois-plage\/","url":"https:\/\/re-surf.com\/en\/produit\/stage-de-surf-le-bois-plage\/","name":"Stage deposit | Le Bois-Plage | R\u00c9 SURF","isPartOf":{"@id":"https:\/\/re-surf.com\/#website"},"primaryImageOfPage":{"@id":"https:\/\/re-surf.com\/en\/produit\/stage-de-surf-le-bois-plage\/#primaryimage"},"image":{"@id":"https:\/\/re-surf.com\/en\/produit\/stage-de-surf-le-bois-plage\/#primaryimage"},"thumbnailUrl":"https:\/\/re-surf.com\/wp-content\/uploads\/2024\/02\/vignette-le-bois-plage-surf-re-surf-2024.jpg","datePublished":"2024-02-20T16:00:40+00:00","dateModified":"2026-03-31T06:13:51+00:00","breadcrumb":{"@id":"https:\/\/re-surf.com\/en\/produit\/stage-de-surf-le-bois-plage\/#breadcrumb"},"inLanguage":"en-US","potentialAction":[{"@type":"ReadAction","target":["https:\/\/re-surf.com\/en\/produit\/stage-de-surf-le-bois-plage\/"]}]},{"@type":"ImageObject","inLanguage":"en-US","@id":"https:\/\/re-surf.com\/en\/produit\/stage-de-surf-le-bois-plage\/#primaryimage","url":"https:\/\/re-surf.com\/wp-content\/uploads\/2024\/02\/vignette-le-bois-plage-surf-re-surf-2024.jpg","contentUrl":"https:\/\/re-surf.com\/wp-content\/uploads\/2024\/02\/vignette-le-bois-plage-surf-re-surf-2024.jpg","width":1000,"height":1000},{"@type":"BreadcrumbList","@id":"https:\/\/re-surf.com\/en\/produit\/stage-de-surf-le-bois-plage\/#breadcrumb","itemListElement":[{"@type":"ListItem","position":1,"name":"Accueil","item":"https:\/\/re-surf.com\/accueil\/"},{"@type":"ListItem","position":2,"name":"Boutique","item":"https:\/\/re-surf.com\/boutique\/"},{"@type":"ListItem","position":3,"name":"Stage deposit | Le Bois-Plage"}]},{"@type":"WebSite","@id":"https:\/\/re-surf.com\/#website","url":"https:\/\/re-surf.com\/","name":"R\u00c9 SURF","description":"Ecole de surf de l&#039;\u00cele de R\u00e9 | R\u00e9 Surf | Le Bois-Plage et Les Portes en R\u00e9","publisher":{"@id":"https:\/\/re-surf.com\/#organization"},"alternateName":"Ecole de surf de l'ile de R\u00e9","potentialAction":[{"@type":"SearchAction","target":{"@type":"EntryPoint","urlTemplate":"https:\/\/re-surf.com\/?s={search_term_string}"},"query-input":{"@type":"PropertyValueSpecification","valueRequired":true,"valueName":"search_term_string"}}],"inLanguage":"en-US"},{"@type":"Organization","@id":"https:\/\/re-surf.com\/#organization","name":"R\u00c9 SURF","url":"https:\/\/re-surf.com\/","logo":{"@type":"ImageObject","inLanguage":"en-US","@id":"https:\/\/re-surf.com\/#\/schema\/logo\/image\/","url":"https:\/\/re-surf.com\/wp-content\/uploads\/2024\/03\/logo-re-surf-ecole-de-surf-sur-ile-de-re.png","contentUrl":"https:\/\/re-surf.com\/wp-content\/uploads\/2024\/03\/logo-re-surf-ecole-de-surf-sur-ile-de-re.png","width":500,"height":500,"caption":"R\u00c9 SURF"},"image":{"@id":"https:\/\/re-surf.com\/#\/schema\/logo\/image\/"},"sameAs":["https:\/\/www.facebook.com\/people\/R-Surf\/100064587886656\/","https:\/\/www.instagram.com\/resurf_ecole\/"],"description":"\"En stage ou en en cours particuliers, d\u00e9butant ou avanc\u00e9s, de 7 \u00e0 77 ans, nous vous accueillons avec le sourire\"","email":"contact@re-surf.com","telephone":"06 30 08 12 81","legalName":"R\u00e9my Cormier","foundingDate":"2003-03-17"}]}},"_links":{"self":[{"href":"https:\/\/re-surf.com\/en\/wp-json\/wp\/v2\/product\/1873","targetHints":{"allow":["GET"]}}],"collection":[{"href":"https:\/\/re-surf.com\/en\/wp-json\/wp\/v2\/product"}],"about":[{"href":"https:\/\/re-surf.com\/en\/wp-json\/wp\/v2\/types\/product"}],"wp:featuredmedia":[{"embeddable":true,"href":"https:\/\/re-surf.com\/en\/wp-json\/wp\/v2\/media\/1576"}],"wp:attachment":[{"href":"https:\/\/re-surf.com\/en\/wp-json\/wp\/v2\/media?parent=1873"}],"wp:term":[{"taxonomy":"product_brand","embeddable":true,"href":"https:\/\/re-surf.com\/en\/wp-json\/wp\/v2\/product_brand?post=1873"},{"taxonomy":"product_cat","embeddable":true,"href":"https:\/\/re-surf.com\/en\/wp-json\/wp\/v2\/product_cat?post=1873"},{"taxonomy":"product_tag","embeddable":true,"href":"https:\/\/re-surf.com\/en\/wp-json\/wp\/v2\/product_tag?post=1873"}],"curies":[{"name":"wp","href":"https:\/\/api.w.org\/{rel}","templated":true}]}}